{"id":159,"date":"2021-05-04T14:34:03","date_gmt":"2021-05-04T14:34:03","guid":{"rendered":"http:\/\/carfleet.com.mx\/?page_id=159"},"modified":"2022-02-08T03:51:28","modified_gmt":"2022-02-08T03:51:28","slug":"servicios","status":"publish","type":"page","link":"https:\/\/carfleet.com.mx\/?page_id=159","title":{"rendered":"SERVICIOS"},"content":{"rendered":"\t\t<div data-elementor-type=\"wp-page\" data-elementor-id=\"159\" class=\"elementor elementor-159\" data-elementor-settings=\"[]\">\n\t\t\t\t\t\t\t<div class=\"elementor-section-wrap\">\n\t\t\t\t\t\t\t<section class=\"elementor-section elementor-top-section elementor-element elementor-element-4c083e9 elementor-section-content-middle elementor-section-boxed elementor-section-height-default elementor-section-height-default\" data-id=\"4c083e9\" data-element_type=\"section\" data-settings=\"{&quot;background_background&quot;:&quot;classic&quot;}\">\n\t\t\t\t\t\t\t<div class=\"elementor-background-overlay\"><\/div>\n\t\t\t\t\t\t\t<div class=\"elementor-container elementor-column-gap-default\">\n\t\t\t\t\t<div class=\"elementor-column elementor-col-100 elementor-top-column elementor-element elementor-element-5e067fd\" data-id=\"5e067fd\" data-element_type=\"column\">\n\t\t\t<div class=\"elementor-widget-wrap elementor-element-populated\">\n\t\t\t\t\t\t\t\t<div class=\"elementor-element elementor-element-f0aa09c elementor-widget elementor-widget-heading\" data-id=\"f0aa09c\" data-element_type=\"widget\" data-widget_type=\"heading.default\">\n\t\t\t\t<div class=\"elementor-widget-container\">\n\t\t\t<h2 class=\"elementor-heading-title elementor-size-large\">SERVICIOS<\/h2>\t\t<\/div>\n\t\t\t\t<\/div>\n\t\t\t\t<div class=\"elementor-element elementor-element-e139f49 elementor-widget elementor-widget-text-editor\" data-id=\"e139f49\" data-element_type=\"widget\" data-widget_type=\"text-editor.default\">\n\t\t\t\t<div class=\"elementor-widget-container\">\n\t\t\t\t\t\t\t\t\t\t\t\t\t\t<\/div>\n\t\t\t\t<\/div>\n\t\t\t\t<div class=\"elementor-element elementor-element-ca5375b elementor-widget elementor-widget-spacer\" data-id=\"ca5375b\" data-element_type=\"widget\" data-widget_type=\"spacer.default\">\n\t\t\t\t<div class=\"elementor-widget-container\">\n\t\t\t\t\t<div class=\"elementor-spacer\">\n\t\t\t<div class=\"elementor-spacer-inner\"><\/div>\n\t\t<\/div>\n\t\t\t\t<\/div>\n\t\t\t\t<\/div>\n\t\t\t\t\t<\/div>\n\t\t<\/div>\n\t\t\t\t\t\t\t<\/div>\n\t\t<\/section>\n\t\t\t\t<section class=\"elementor-section elementor-top-section elementor-element elementor-element-12843bae elementor-section-full_width elementor-section-height-default elementor-section-height-default\" data-id=\"12843bae\" data-element_type=\"section\" data-settings=\"{&quot;background_background&quot;:&quot;classic&quot;}\">\n\t\t\t\t\t\t<div class=\"elementor-container elementor-column-gap-default\">\n\t\t\t\t\t<div class=\"elementor-column elementor-col-100 elementor-top-column elementor-element elementor-element-68e9b0f7\" data-id=\"68e9b0f7\" data-element_type=\"column\">\n\t\t\t<div class=\"elementor-widget-wrap elementor-element-populated\">\n\t\t\t\t\t\t\t\t<div class=\"elementor-element elementor-element-1b68f4a elementor-widget elementor-widget-heading\" data-id=\"1b68f4a\" data-element_type=\"widget\" data-widget_type=\"heading.default\">\n\t\t\t\t<div class=\"elementor-widget-container\">\n\t\t\t<h2 class=\"elementor-heading-title elementor-size-default\">PAQUETE DE SERVICIOS<\/h2>\t\t<\/div>\n\t\t\t\t<\/div>\n\t\t\t\t<div class=\"elementor-element elementor-element-aaf8105 elementor-widget elementor-widget-image\" data-id=\"aaf8105\" data-element_type=\"widget\" data-widget_type=\"image.default\">\n\t\t\t\t<div class=\"elementor-widget-container\">\n\t\t\t\t\t\t\t\t\t\t\t\t\t\t\t<img loading=\"lazy\" decoding=\"async\" width=\"566\" height=\"376\" src=\"https:\/\/carfleet.com.mx\/wp-content\/uploads\/2021\/05\/PAQUETE-DE-SERVICOS.jpg\" class=\"attachment-large size-large\" alt=\"\" srcset=\"https:\/\/carfleet.com.mx\/wp-content\/uploads\/2021\/05\/PAQUETE-DE-SERVICOS.jpg 566w, https:\/\/carfleet.com.mx\/wp-content\/uploads\/2021\/05\/PAQUETE-DE-SERVICOS-300x199.jpg 300w\" sizes=\"(max-width: 566px) 100vw, 566px\" \/>\t\t\t\t\t\t\t\t\t\t\t\t\t\t\t<\/div>\n\t\t\t\t<\/div>\n\t\t\t\t\t<\/div>\n\t\t<\/div>\n\t\t\t\t\t\t\t<\/div>\n\t\t<\/section>\n\t\t\t\t<section class=\"elementor-section elementor-top-section elementor-element elementor-element-1959041 elementor-section-content-middle elementor-section-boxed elementor-section-height-default elementor-section-height-default\" data-id=\"1959041\" data-element_type=\"section\" data-settings=\"{&quot;background_background&quot;:&quot;classic&quot;}\">\n\t\t\t\t\t\t<div class=\"elementor-container elementor-column-gap-no\">\n\t\t\t\t\t<div class=\"elementor-column elementor-col-50 elementor-top-column elementor-element elementor-element-e4e2491\" data-id=\"e4e2491\" data-element_type=\"column\">\n\t\t\t<div class=\"elementor-widget-wrap elementor-element-populated\">\n\t\t\t\t\t\t\t\t<div class=\"elementor-element elementor-element-ac210ca elementor-widget elementor-widget-heading\" data-id=\"ac210ca\" data-element_type=\"widget\" data-widget_type=\"heading.default\">\n\t\t\t\t<div class=\"elementor-widget-container\">\n\t\t\t<h2 class=\"elementor-heading-title elementor-size-default\">ADMINISTRACI\u00d3N DE FLOTILLAS<\/h2>\t\t<\/div>\n\t\t\t\t<\/div>\n\t\t\t\t<div class=\"elementor-element elementor-element-47b8948 elementor-widget elementor-widget-image\" data-id=\"47b8948\" data-element_type=\"widget\" data-widget_type=\"image.default\">\n\t\t\t\t<div class=\"elementor-widget-container\">\n\t\t\t\t\t\t\t\t\t\t\t\t\t\t\t<img loading=\"lazy\" decoding=\"async\" width=\"768\" height=\"512\" src=\"https:\/\/carfleet.com.mx\/wp-content\/uploads\/2021\/05\/FLOTILLA-768x512.jpeg\" class=\"attachment-medium_large size-medium_large\" alt=\"\" srcset=\"https:\/\/carfleet.com.mx\/wp-content\/uploads\/2021\/05\/FLOTILLA-768x512.jpeg 768w, https:\/\/carfleet.com.mx\/wp-content\/uploads\/2021\/05\/FLOTILLA-300x200.jpeg 300w, https:\/\/carfleet.com.mx\/wp-content\/uploads\/2021\/05\/FLOTILLA-1024x683.jpeg 1024w, https:\/\/carfleet.com.mx\/wp-content\/uploads\/2021\/05\/FLOTILLA-1536x1024.jpeg 1536w, https:\/\/carfleet.com.mx\/wp-content\/uploads\/2021\/05\/FLOTILLA-2048x1365.jpeg 2048w\" sizes=\"(max-width: 768px) 100vw, 768px\" \/>\t\t\t\t\t\t\t\t\t\t\t\t\t\t\t<\/div>\n\t\t\t\t<\/div>\n\t\t\t\t\t<\/div>\n\t\t<\/div>\n\t\t\t\t<div class=\"elementor-column elementor-col-50 elementor-top-column elementor-element elementor-element-262361a\" data-id=\"262361a\" data-element_type=\"column\">\n\t\t\t<div class=\"elementor-widget-wrap elementor-element-populated\">\n\t\t\t\t\t\t\t\t<div class=\"elementor-element elementor-element-997ad7c elementor-widget elementor-widget-text-editor\" data-id=\"997ad7c\" data-element_type=\"widget\" data-widget_type=\"text-editor.default\">\n\t\t\t\t<div class=\"elementor-widget-container\">\n\t\t\t\t\t\t\t\t<div class=\"page\" title=\"Page 3\"><div class=\"section\"><div class=\"layoutArea\"><div class=\"column\"><ul><li>Atencio\u0301n personalizada de un ejecutivo de cuenta.<\/li><li>Sistema de administracio\u0301n en li\u0301nea para seguimiento, control y reportes del inventario.<\/li><li>Programacio\u0301n y seguimiento para mantenimientos preventivos y correctivos.<\/li><li>Seguimiento hasta su conclusio\u0301n a siniestros, reparaciones e incidencias.<\/li><li>Red de proveedores de servicios con convenio a nivel nacional.<\/li><li>Servicio de valet en CDMX y A\u0301rea Metropolitana.<\/li><li>Reportes de flota en tiempo real.<\/li><li>Facturacio\u0301n consolidada.<\/li><\/ul><\/div><\/div><\/div><\/div>\t\t\t\t\t\t<\/div>\n\t\t\t\t<\/div>\n\t\t\t\t\t<\/div>\n\t\t<\/div>\n\t\t\t\t\t\t\t<\/div>\n\t\t<\/section>\n\t\t\t\t<section class=\"elementor-section elementor-top-section elementor-element elementor-element-8d74f77 elementor-section-content-middle elementor-section-boxed elementor-section-height-default elementor-section-height-default\" data-id=\"8d74f77\" data-element_type=\"section\" data-settings=\"{&quot;background_background&quot;:&quot;classic&quot;}\">\n\t\t\t\t\t\t\t<div class=\"elementor-background-overlay\"><\/div>\n\t\t\t\t\t\t\t<div class=\"elementor-container elementor-column-gap-default\">\n\t\t\t\t\t<div class=\"elementor-column elementor-col-100 elementor-top-column elementor-element elementor-element-459d2f1\" data-id=\"459d2f1\" data-element_type=\"column\">\n\t\t\t<div class=\"elementor-widget-wrap elementor-element-populated\">\n\t\t\t\t\t\t\t\t<div class=\"elementor-element elementor-element-cfe52e0 elementor-widget elementor-widget-spacer\" data-id=\"cfe52e0\" data-element_type=\"widget\" data-widget_type=\"spacer.default\">\n\t\t\t\t<div class=\"elementor-widget-container\">\n\t\t\t\t\t<div class=\"elementor-spacer\">\n\t\t\t<div class=\"elementor-spacer-inner\"><\/div>\n\t\t<\/div>\n\t\t\t\t<\/div>\n\t\t\t\t<\/div>\n\t\t\t\t\t<\/div>\n\t\t<\/div>\n\t\t\t\t\t\t\t<\/div>\n\t\t<\/section>\n\t\t\t\t<section class=\"elementor-section elementor-top-section elementor-element elementor-element-68e8b91 elementor-section-content-middle elementor-section-boxed elementor-section-height-default elementor-section-height-default\" data-id=\"68e8b91\" data-element_type=\"section\" data-settings=\"{&quot;background_background&quot;:&quot;classic&quot;}\">\n\t\t\t\t\t\t<div class=\"elementor-container elementor-column-gap-no\">\n\t\t\t\t\t<div class=\"elementor-column elementor-col-50 elementor-top-column elementor-element elementor-element-f65b827\" data-id=\"f65b827\" data-element_type=\"column\">\n\t\t\t<div class=\"elementor-widget-wrap elementor-element-populated\">\n\t\t\t\t\t\t\t\t<div class=\"elementor-element elementor-element-3bb4034 elementor-widget elementor-widget-heading\" data-id=\"3bb4034\" data-element_type=\"widget\" data-widget_type=\"heading.default\">\n\t\t\t\t<div class=\"elementor-widget-container\">\n\t\t\t<h2 class=\"elementor-heading-title elementor-size-default\">TRAMITES Y GESTORIAS<\/h2>\t\t<\/div>\n\t\t\t\t<\/div>\n\t\t\t\t<div class=\"elementor-element elementor-element-5348933 elementor-widget elementor-widget-image\" data-id=\"5348933\" data-element_type=\"widget\" data-widget_type=\"image.default\">\n\t\t\t\t<div class=\"elementor-widget-container\">\n\t\t\t\t\t\t\t\t\t\t\t\t\t\t\t<img loading=\"lazy\" decoding=\"async\" width=\"768\" height=\"493\" src=\"https:\/\/carfleet.com.mx\/wp-content\/uploads\/2021\/05\/TRAMITES.4jpg-768x493.jpg\" class=\"attachment-medium_large size-medium_large\" alt=\"\" srcset=\"https:\/\/carfleet.com.mx\/wp-content\/uploads\/2021\/05\/TRAMITES.4jpg-768x493.jpg 768w, https:\/\/carfleet.com.mx\/wp-content\/uploads\/2021\/05\/TRAMITES.4jpg-300x193.jpg 300w, https:\/\/carfleet.com.mx\/wp-content\/uploads\/2021\/05\/TRAMITES.4jpg-1024x658.jpg 1024w, https:\/\/carfleet.com.mx\/wp-content\/uploads\/2021\/05\/TRAMITES.4jpg-1536x986.jpg 1536w, https:\/\/carfleet.com.mx\/wp-content\/uploads\/2021\/05\/TRAMITES.4jpg-2048x1315.jpg 2048w\" sizes=\"(max-width: 768px) 100vw, 768px\" \/>\t\t\t\t\t\t\t\t\t\t\t\t\t\t\t<\/div>\n\t\t\t\t<\/div>\n\t\t\t\t\t<\/div>\n\t\t<\/div>\n\t\t\t\t<div class=\"elementor-column elementor-col-50 elementor-top-column elementor-element elementor-element-32a7b2b\" data-id=\"32a7b2b\" data-element_type=\"column\">\n\t\t\t<div class=\"elementor-widget-wrap elementor-element-populated\">\n\t\t\t\t\t\t\t\t<div class=\"elementor-element elementor-element-81c759c elementor-widget elementor-widget-text-editor\" data-id=\"81c759c\" data-element_type=\"widget\" data-widget_type=\"text-editor.default\">\n\t\t\t\t<div class=\"elementor-widget-container\">\n\t\t\t\t\t\t\t\t<div class=\"page\" title=\"Page 3\"><div class=\"section\"><div class=\"layoutArea\"><div class=\"column\"><ul><li>Atencio\u0301n personalizada de un ejecutivo de cuenta.<\/li><li>Alta de placas nuevo.<\/li><li>Alta de placas para motocicleta.<\/li><li>Baja de placas auto semi-nuevo.<\/li><li>Baja y alta de placas de auto y motocicleta.<\/li><li>Cambio de propietario.<\/li><li>Pago de tenencia.<\/li><li>Re-emplacamiento.<\/li><li>Permiso para circular.<\/li><li>Sofware para la administraci\u00f3n de tr\u00e1mites y documentos.<\/li><li>Renovaci\u00f3n y reposici\u00f3n por extrav\u00edo de tarjeta de circulaci\u00f3n.<\/li><li>Correci\u00f3n y actualizaci\u00f3n de datos en sistema.<\/li><li>Certificaci\u00f3n de tenencias.<\/li><li>Gesti\u00f3n de pago de foto multas con descuento.<\/li><li>Verificaci\u00f3n vehicular de contaminantes.<\/li><\/ul><\/div><\/div><\/div><\/div>\t\t\t\t\t\t<\/div>\n\t\t\t\t<\/div>\n\t\t\t\t\t<\/div>\n\t\t<\/div>\n\t\t\t\t\t\t\t<\/div>\n\t\t<\/section>\n\t\t\t\t<section class=\"elementor-section elementor-top-section elementor-element elementor-element-540b7eea elementor-section-content-middle elementor-section-boxed elementor-section-height-default elementor-section-height-default\" data-id=\"540b7eea\" data-element_type=\"section\" data-settings=\"{&quot;background_background&quot;:&quot;classic&quot;}\">\n\t\t\t\t\t\t\t<div class=\"elementor-background-overlay\"><\/div>\n\t\t\t\t\t\t\t<div class=\"elementor-container elementor-column-gap-default\">\n\t\t\t\t\t<div class=\"elementor-column elementor-col-100 elementor-top-column elementor-element elementor-element-12fee3c6\" data-id=\"12fee3c6\" data-element_type=\"column\">\n\t\t\t<div class=\"elementor-widget-wrap elementor-element-populated\">\n\t\t\t\t\t\t\t\t<div class=\"elementor-element elementor-element-39789ff2 elementor-widget elementor-widget-spacer\" data-id=\"39789ff2\" data-element_type=\"widget\" data-widget_type=\"spacer.default\">\n\t\t\t\t<div class=\"elementor-widget-container\">\n\t\t\t\t\t<div class=\"elementor-spacer\">\n\t\t\t<div class=\"elementor-spacer-inner\"><\/div>\n\t\t<\/div>\n\t\t\t\t<\/div>\n\t\t\t\t<\/div>\n\t\t\t\t\t<\/div>\n\t\t<\/div>\n\t\t\t\t\t\t\t<\/div>\n\t\t<\/section>\n\t\t\t\t<section class=\"elementor-section elementor-top-section elementor-element elementor-element-efb10f2 elementor-section-content-middle elementor-section-boxed elementor-section-height-default elementor-section-height-default\" data-id=\"efb10f2\" data-element_type=\"section\" data-settings=\"{&quot;background_background&quot;:&quot;classic&quot;}\">\n\t\t\t\t\t\t<div class=\"elementor-container elementor-column-gap-no\">\n\t\t\t\t\t<div class=\"elementor-column elementor-col-50 elementor-top-column elementor-element elementor-element-aea2d5d\" data-id=\"aea2d5d\" data-element_type=\"column\">\n\t\t\t<div class=\"elementor-widget-wrap elementor-element-populated\">\n\t\t\t\t\t\t\t\t<div class=\"elementor-element elementor-element-82ca8b8 elementor-widget elementor-widget-heading\" data-id=\"82ca8b8\" data-element_type=\"widget\" data-widget_type=\"heading.default\">\n\t\t\t\t<div class=\"elementor-widget-container\">\n\t\t\t<h2 class=\"elementor-heading-title elementor-size-default\">TRASLADOS<\/h2>\t\t<\/div>\n\t\t\t\t<\/div>\n\t\t\t\t<div class=\"elementor-element elementor-element-78e52aa elementor-widget elementor-widget-image\" data-id=\"78e52aa\" data-element_type=\"widget\" data-widget_type=\"image.default\">\n\t\t\t\t<div class=\"elementor-widget-container\">\n\t\t\t\t\t\t\t\t\t\t\t\t\t\t\t<img loading=\"lazy\" decoding=\"async\" width=\"768\" height=\"512\" src=\"https:\/\/carfleet.com.mx\/wp-content\/uploads\/2021\/05\/denys-nevozhai-_QoAuZGAoPY-unsplash-768x512.jpeg\" class=\"attachment-medium_large size-medium_large\" alt=\"\" srcset=\"https:\/\/carfleet.com.mx\/wp-content\/uploads\/2021\/05\/denys-nevozhai-_QoAuZGAoPY-unsplash-768x512.jpeg 768w, https:\/\/carfleet.com.mx\/wp-content\/uploads\/2021\/05\/denys-nevozhai-_QoAuZGAoPY-unsplash-300x200.jpeg 300w, https:\/\/carfleet.com.mx\/wp-content\/uploads\/2021\/05\/denys-nevozhai-_QoAuZGAoPY-unsplash-1024x682.jpeg 1024w, https:\/\/carfleet.com.mx\/wp-content\/uploads\/2021\/05\/denys-nevozhai-_QoAuZGAoPY-unsplash-1536x1024.jpeg 1536w, https:\/\/carfleet.com.mx\/wp-content\/uploads\/2021\/05\/denys-nevozhai-_QoAuZGAoPY-unsplash.jpeg 1772w\" sizes=\"(max-width: 768px) 100vw, 768px\" \/>\t\t\t\t\t\t\t\t\t\t\t\t\t\t\t<\/div>\n\t\t\t\t<\/div>\n\t\t\t\t\t<\/div>\n\t\t<\/div>\n\t\t\t\t<div class=\"elementor-column elementor-col-50 elementor-top-column elementor-element elementor-element-3747e39\" data-id=\"3747e39\" data-element_type=\"column\">\n\t\t\t<div class=\"elementor-widget-wrap elementor-element-populated\">\n\t\t\t\t\t\t\t\t<div class=\"elementor-element elementor-element-43e2b41 elementor-widget elementor-widget-text-editor\" data-id=\"43e2b41\" data-element_type=\"widget\" data-widget_type=\"text-editor.default\">\n\t\t\t\t<div class=\"elementor-widget-container\">\n\t\t\t\t\t\t\t\t<div class=\"page\" title=\"Page 3\"><div class=\"section\"><div class=\"layoutArea\"><div class=\"column\"><div class=\"page\" title=\"Page 4\"><div class=\"section\"><div class=\"layoutArea\"><div class=\"column\"><p>Traslado de todo tipo de unidades a nivel nacional para particulares, iniciativa privada, gobierno, entre agencias automotrices, etc. Contamos con personal profesional, experto y calificado, debidamente identificados, utilizamos las mejores rutas, respetando en todo momento las reglas de vialidad y movilidad a nivel nacional.<\/p><p>Nuestro inventario digital \u201cCHECK LIST\u201d se resguarda en nuestro sistema de administracio\u0301n de forma clara y con evidencias fotogra\u0301ficas.<\/p><\/div><\/div><\/div><\/div><\/div><\/div><\/div><\/div>\t\t\t\t\t\t<\/div>\n\t\t\t\t<\/div>\n\t\t\t\t\t<\/div>\n\t\t<\/div>\n\t\t\t\t\t\t\t<\/div>\n\t\t<\/section>\n\t\t\t\t\t\t<\/div>\n\t\t\t\t\t<\/div>\n\t\t","protected":false},"excerpt":{"rendered":"<p>SERVICIOS PAQUETE DE SERVICIOS ADMINISTRACI\u00d3N DE FLOTILLAS Atencio\u0301n personalizada de un ejecutivo de cuenta. Sistema de administracio\u0301n en li\u0301nea para seguimiento, control y reportes del inventario. Programacio\u0301n y seguimiento para mantenimientos preventivos y correctivos. Seguimiento hasta su conclusio\u0301n a siniestros, reparaciones e incidencias. Red de proveedores de servicios con convenio a nivel nacional. Servicio de &hellip;<\/p>\n<p class=\"read-more\"> <a class=\"\" href=\"https:\/\/carfleet.com.mx\/?page_id=159\"> <span class=\"screen-reader-text\">SERVICIOS<\/span> Leer m\u00e1s &raquo;<\/a><\/p>\n","protected":false},"author":1,"featured_media":0,"parent":0,"menu_order":0,"comment_status":"closed","ping_status":"closed","template":"","meta":{"footnotes":""},"class_list":["post-159","page","type-page","status-publish","hentry"],"_links":{"self":[{"href":"https:\/\/carfleet.com.mx\/index.php?rest_route=\/wp\/v2\/pages\/159"}],"collection":[{"href":"https:\/\/carfleet.com.mx\/index.php?rest_route=\/wp\/v2\/pages"}],"about":[{"href":"https:\/\/carfleet.com.mx\/index.php?rest_route=\/wp\/v2\/types\/page"}],"author":[{"embeddable":true,"href":"https:\/\/carfleet.com.mx\/index.php?rest_route=\/wp\/v2\/users\/1"}],"replies":[{"embeddable":true,"href":"https:\/\/carfleet.com.mx\/index.php?rest_route=%2Fwp%2Fv2%2Fcomments&post=159"}],"version-history":[{"count":31,"href":"https:\/\/carfleet.com.mx\/index.php?rest_route=\/wp\/v2\/pages\/159\/revisions"}],"predecessor-version":[{"id":289,"href":"https:\/\/carfleet.com.mx\/index.php?rest_route=\/wp\/v2\/pages\/159\/revisions\/289"}],"wp:attachment":[{"href":"https:\/\/carfleet.com.mx\/index.php?rest_route=%2Fwp%2Fv2%2Fmedia&parent=159"}],"curies":[{"name":"wp","href":"https:\/\/api.w.org\/{rel}","templated":true}]}}